{"id":756,"date":"2023-10-04T14:28:02","date_gmt":"2023-10-04T14:28:02","guid":{"rendered":"https:\/\/nivalisgame.com\/?page_id=756"},"modified":"2025-02-11T13:14:43","modified_gmt":"2025-02-11T13:14:43","slug":"home-2","status":"publish","type":"page","link":"https:\/\/nivalisgame.com\/tr\/","title":{"rendered":"Home"},"content":{"rendered":"<p>[et_pb_section fb_built=&#8221;1&#8243; _builder_version=&#8221;4.17.4&#8243; _module_preset=&#8221;default&#8221; use_background_color_gradient=&#8221;on&#8221; background_color_gradient_stops=&#8221;rgba(43,135,218,0) 80%|#000000 100%&#8221; background_color_gradient_overlays_image=&#8221;on&#8221; background_image=&#8221;https:\/\/nivalisgame.com\/wp-content\/uploads\/2022\/11\/1.png&#8221; background_enable_video_mp4=&#8221;off&#8221; background_enable_video_webm=&#8221;off&#8221; min_height=&#8221;50vw&#8221; min_height_tablet=&#8221;100vw&#8221; min_height_phone=&#8221;99vw&#8221; min_height_last_edited=&#8221;on|tablet&#8221; custom_padding=&#8221;||||false|false&#8221; global_colors_info=&#8221;{}&#8221;][et_pb_row _builder_version=&#8221;4.17.4&#8243; _module_preset=&#8221;default&#8221; positioning=&#8221;absolute&#8221; position_origin_a=&#8221;center_center&#8221; z_index=&#8221;999&#8243; global_colors_info=&#8221;{}&#8221;][et_pb_column type=&#8221;4_4&#8243; _builder_version=&#8221;4.17.4&#8243; _module_preset=&#8221;default&#8221; global_colors_info=&#8221;{}&#8221;][et_pb_image src=&#8221;https:\/\/nivalisgame.com\/wp-content\/uploads\/2022\/05\/4.png&#8221; title_text=&#8221;4&#8243; url=&#8221;https:\/\/www.youtube.com\/watch?v=WXI9nsHivtc&#8221; url_new_window=&#8221;on&#8221; align=&#8221;center&#8221; module_class=&#8221;video_popup&#8221; _builder_version=&#8221;4.21.0&#8243; _module_preset=&#8221;default&#8221; width_tablet=&#8221;100px&#8221; width_phone=&#8221;50px&#8221; width_last_edited=&#8221;on|phone&#8221; hover_enabled=&#8221;0&#8243; global_colors_info=&#8221;{}&#8221; sticky_enabled=&#8221;0&#8243;][\/et_pb_image][et_pb_code _builder_version=&#8221;4.17.4&#8243; _module_preset=&#8221;default&#8221; global_colors_info=&#8221;{}&#8221;]<script type=\"text\/javascript\"><!-- [et_pb_line_break_holder] -->(function($) {<!-- [et_pb_line_break_holder] -->\t$(document).ready(function() {<!-- [et_pb_line_break_holder] -->\t\t$('a.video_popup, .video_popup a').magnificPopup({<!-- [et_pb_line_break_holder] -->\t\t\ttype: 'iframe',<!-- [et_pb_line_break_holder] -->\t\t\tmainClass: 'mfp-fade',<!-- [et_pb_line_break_holder] -->\t\t\tremovalDelay: 160,<!-- [et_pb_line_break_holder] -->\t\t\tpreloader: false,<!-- [et_pb_line_break_holder] -->\t\t\tfixedContentPos: false<!-- [et_pb_line_break_holder] -->\t\t});<!-- [et_pb_line_break_holder] -->\t});<!-- [et_pb_line_break_holder] -->})(jQuery);<!-- [et_pb_line_break_holder] --><\/script>[\/et_pb_code][\/et_pb_column][\/et_pb_row][et_pb_row use_custom_gutter=&#8221;on&#8221; gutter_width=&#8221;1&#8243; disabled_on=&#8221;on|off|on&#8221; _builder_version=&#8221;4.17.4&#8243; _module_preset=&#8221;default&#8221; positioning=&#8221;absolute&#8221; position_origin_a=&#8221;bottom_center&#8221; vertical_offset=&#8221;0px&#8221; custom_margin=&#8221;||||false|false&#8221; custom_padding=&#8221;0px||50px||false|false&#8221; custom_css_main_element=&#8221;width:fit-content;||margin:0 auto;&#8221; global_colors_info=&#8221;{}&#8221; custom_css_main_element_last_edited=&#8221;on|phone&#8221; custom_css_main_element_tablet=&#8221;width:fit-content;||margin:0 auto;&#8221; custom_css_main_element_phone=&#8221;width:fit-content;||margin:0 auto;&#8221;][et_pb_column type=&#8221;4_4&#8243; _builder_version=&#8221;4.17.4&#8243; _module_preset=&#8221;default&#8221; global_colors_info=&#8221;{}&#8221;][et_pb_image src=&#8221;https:\/\/nivalisgame.com\/wp-content\/uploads\/2022\/05\/3.png&#8221; title_text=&#8221;3&#8243; url=&#8221;#&#8221; admin_label=&#8221;Image&#8221; module_id=&#8221;retailerLink&#8221; _builder_version=&#8221;4.21.0&#8243; _module_preset=&#8221;default&#8221; max_width=&#8221;250px&#8221; max_width_tablet=&#8221;200px&#8221; max_width_phone=&#8221;150px&#8221; max_width_last_edited=&#8221;on|phone&#8221; custom_margin=&#8221;-15px||||false|false&#8221; custom_css_main_element=&#8221;display:inline-block;||float:left;||margin-left:30px!important;&#8221; global_colors_info=&#8221;{}&#8221;][\/et_pb_image][et_pb_image src=&#8221;https:\/\/nivalisgame.com\/wp-content\/uploads\/2022\/05\/5.png&#8221; title_text=&#8221;5&#8243; disabled_on=&#8221;off|off|off&#8221; module_id=&#8221;retailerLink&#8221; _builder_version=&#8221;4.21.0&#8243; _module_preset=&#8221;default&#8221; width=&#8221;100px&#8221; width_tablet=&#8221;80px&#8221; width_phone=&#8221;80px&#8221; width_last_edited=&#8221;on|tablet&#8221; custom_margin=&#8221;-10px||||false|false&#8221; custom_padding=&#8221;10px||||false|false&#8221; custom_css_main_element=&#8221;display:inline-block;||float:left;||margin-left:30px!important;&#8221; global_colors_info=&#8221;{}&#8221;][\/et_pb_image][et_pb_image src=&#8221;https:\/\/nivalisgame.com\/wp-content\/uploads\/2022\/05\/6.png&#8221; title_text=&#8221;6&#8243; disabled_on=&#8221;off|off|off&#8221; module_id=&#8221;retailerLink&#8221; _builder_version=&#8221;4.21.0&#8243; _module_preset=&#8221;default&#8221; width_tablet=&#8221;50px&#8221; width_phone=&#8221;50px&#8221; width_last_edited=&#8221;on|tablet&#8221; custom_margin=&#8221;-25px||||false|false&#8221; custom_padding=&#8221;|0px|||false|false&#8221; custom_css_main_element=&#8221;display:inline-block;||float:left;||margin-left:30px!important;&#8221; global_colors_info=&#8221;{}&#8221;][\/et_pb_image][et_pb_image src=&#8221;https:\/\/nivalisgame.com\/wp-content\/uploads\/2022\/05\/7.png&#8221; title_text=&#8221;7&#8243; url=&#8221;#&#8221; admin_label=&#8221;Image&#8221; _builder_version=&#8221;4.17.4&#8243; _module_preset=&#8221;default&#8221; width=&#8221;250px&#8221; width_tablet=&#8221;200px&#8221; width_phone=&#8221;150px&#8221; width_last_edited=&#8221;on|tablet&#8221; custom_margin=&#8221;-15px||||false|false&#8221; custom_css_main_element=&#8221;display:inline-block;||float:left;||margin-left:30px!important;&#8221; global_colors_info=&#8221;{}&#8221;][\/et_pb_image][\/et_pb_column][\/et_pb_row][et_pb_row column_structure=&#8221;1_2,1_2&#8243; use_custom_gutter=&#8221;on&#8221; gutter_width=&#8221;2&#8243; disabled_on=&#8221;off|on|on&#8221; _builder_version=&#8221;4.17.4&#8243; _module_preset=&#8221;default&#8221; positioning=&#8221;absolute&#8221; position_origin_a=&#8221;bottom_center&#8221; vertical_offset=&#8221;0px&#8221; width=&#8221;95%&#8221; max_width=&#8221;1200px&#8221; custom_margin=&#8221;||||false|false&#8221; custom_padding=&#8221;0px||0px||false|false&#8221; global_colors_info=&#8221;{}&#8221; custom_css_main_element_last_edited=&#8221;off|phone&#8221;][et_pb_column type=&#8221;1_2&#8243; _builder_version=&#8221;4.17.4&#8243; _module_preset=&#8221;default&#8221; custom_css_main_element=&#8221;max-width:50%;&#8221; global_colors_info=&#8221;{}&#8221;][et_pb_image src=&#8221;https:\/\/nivalisgame.com\/wp-content\/uploads\/2022\/05\/3.png&#8221; title_text=&#8221;3&#8243; url=&#8221;#&#8221; align=&#8221;right&#8221; module_id=&#8221;retailerLink&#8221; _builder_version=&#8221;4.21.0&#8243; _module_preset=&#8221;default&#8221; max_width=&#8221;200px&#8221; max_width_phone=&#8221;150px&#8221; max_width_last_edited=&#8221;off|phone&#8221; custom_margin=&#8221;-15px||||false|false&#8221; global_colors_info=&#8221;{}&#8221;][\/et_pb_image][\/et_pb_column][et_pb_column type=&#8221;1_2&#8243; _builder_version=&#8221;4.17.4&#8243; _module_preset=&#8221;default&#8221; custom_css_main_element=&#8221;max-width:50%;&#8221; global_colors_info=&#8221;{}&#8221;][et_pb_image src=&#8221;https:\/\/nivalisgame.com\/wp-content\/uploads\/2022\/05\/7.png&#8221; title_text=&#8221;7&#8243; url=&#8221;#&#8221; _builder_version=&#8221;4.17.4&#8243; _module_preset=&#8221;default&#8221; max_width=&#8221;200px&#8221; max_width_phone=&#8221;150px&#8221; max_width_last_edited=&#8221;off|desktop&#8221; custom_margin=&#8221;-15px||||false|false&#8221; global_colors_info=&#8221;{}&#8221;][\/et_pb_image][\/et_pb_column][\/et_pb_row][et_pb_row column_structure=&#8221;1_3,1_3,1_3&#8243; use_custom_gutter=&#8221;on&#8221; gutter_width=&#8221;1&#8243; disabled_on=&#8221;on|on|off&#8221; _builder_version=&#8221;4.17.4&#8243; _module_preset=&#8221;default&#8221; positioning=&#8221;absolute&#8221; position_origin_a=&#8221;bottom_center&#8221; vertical_offset=&#8221;25px&#8221; custom_margin=&#8221;||||false|false&#8221; custom_padding=&#8221;0px||50px||false|false&#8221; global_colors_info=&#8221;{}&#8221;][et_pb_column type=&#8221;1_3&#8243; _builder_version=&#8221;4.17.4&#8243; _module_preset=&#8221;default&#8221; global_colors_info=&#8221;{}&#8221;][et_pb_image src=&#8221;https:\/\/nivalisgame.com\/wp-content\/uploads\/2023\/06\/wishlist_now-1.png&#8221; title_text=&#8221;wishlist_now&#8221; url=&#8221;https:\/\/store.steampowered.com\/app\/1488490\/Nivalis\/&#8221; url_new_window=&#8221;on&#8221; module_id=&#8221;retailerLink&#8221; _builder_version=&#8221;4.21.0&#8243; _module_preset=&#8221;default&#8221; custom_margin=&#8221;-15px||||false|false&#8221; global_colors_info=&#8221;{}&#8221;][\/et_pb_image][\/et_pb_column][et_pb_column type=&#8221;1_3&#8243; _builder_version=&#8221;4.17.4&#8243; _module_preset=&#8221;default&#8221; custom_css_main_element=&#8221;width:fit-content;||margin:0 auto;&#8221; global_colors_info=&#8221;{}&#8221;][et_pb_image src=&#8221;https:\/\/nivalisgame.com\/wp-content\/uploads\/2022\/05\/5.png&#8221; title_text=&#8221;5&#8243; url=&#8221;https:\/\/store.steampowered.com\/app\/1488490\/Nivalis\/&#8221; url_new_window=&#8221;on&#8221; module_id=&#8221;retailerLink&#8221; _builder_version=&#8221;4.21.0&#8243; _module_preset=&#8221;default&#8221; width=&#8221;152px&#8221; custom_margin=&#8221;0px||||false|false&#8221; custom_padding=&#8221;5px||||false|false&#8221; custom_css_main_element=&#8221;display:inline-block;||float:left;||margin:0px 30px 0px 50px!important;&#8221; global_colors_info=&#8221;{}&#8221;][\/et_pb_image][et_pb_image src=&#8221;https:\/\/nivalisgame.com\/wp-content\/uploads\/2022\/05\/6.png&#8221; title_text=&#8221;6&#8243; url=&#8221;https:\/\/store.epicgames.com\/p\/nivalis&#8221; url_new_window=&#8221;on&#8221; module_id=&#8221;retailerLink&#8221; _builder_version=&#8221;4.21.0&#8243; _module_preset=&#8221;default&#8221; width=&#8221;150px&#8221; max_width=&#8221;10%&#8221; custom_margin=&#8221;0px||||false|false&#8221; custom_padding=&#8221;|0px|||false|false&#8221; custom_css_main_element=&#8221;width:fit-content;||display:flex;||margin-right:30px;&#8221; global_colors_info=&#8221;{}&#8221;][\/et_pb_image][\/et_pb_column][et_pb_column type=&#8221;1_3&#8243; _builder_version=&#8221;4.17.4&#8243; _module_preset=&#8221;default&#8221; global_colors_info=&#8221;{}&#8221;][et_pb_image src=&#8221;https:\/\/nivalisgame.com\/wp-content\/uploads\/2023\/06\/signup_now.png&#8221; title_text=&#8221;signup_now&#8221; url=&#8221;https:\/\/nivalisgame.com\/signup\/&#8221; url_new_window=&#8221;on&#8221; admin_label=&#8221;Image&#8221; _builder_version=&#8221;4.21.0&#8243; _module_preset=&#8221;default&#8221; custom_margin=&#8221;-15px||||false|false&#8221; global_colors_info=&#8221;{}&#8221;][\/et_pb_image][\/et_pb_column][\/et_pb_row][\/et_pb_section][et_pb_section fb_built=&#8221;1&#8243; module_id=&#8221;about&#8221; _builder_version=&#8221;4.17.4&#8243; _module_preset=&#8221;default&#8221; background_enable_color=&#8221;off&#8221; use_background_color_gradient=&#8221;on&#8221; background_color_gradient_stops=&#8221;#000000 0%|#0a2328 100%&#8221; background_image=&#8221;https:\/\/nivalisgame.com\/wp-content\/uploads\/2022\/06\/1-.png&#8221; background_size=&#8221;stretch&#8221; z_index=&#8221;999&#8243; custom_padding=&#8221;||||false|false&#8221; global_colors_info=&#8221;{}&#8221;][et_pb_row column_structure=&#8221;1_4,1_2,1_4&#8243; use_custom_gutter=&#8221;on&#8221; gutter_width=&#8221;2&#8243; make_equal=&#8221;on&#8221; _builder_version=&#8221;4.17.4&#8243; _module_preset=&#8221;default&#8221; width=&#8221;90%&#8221; max_width=&#8221;1600px&#8221; custom_padding=&#8221;6px|||||&#8221; global_colors_info=&#8221;{}&#8221;][et_pb_column type=&#8221;1_4&#8243; _builder_version=&#8221;4.17.4&#8243; _module_preset=&#8221;default&#8221; custom_css_main_element=&#8221;margin:auto;&#8221; global_colors_info=&#8221;{}&#8221;][et_pb_image src=&#8221;https:\/\/nivalisgame.com\/wp-content\/uploads\/2022\/05\/11.png&#8221; title_text=&#8221;11&#8243; align=&#8221;center&#8221; _builder_version=&#8221;4.21.0&#8243; _module_preset=&#8221;default&#8221; width_tablet=&#8221;250px&#8221; width_phone=&#8221;250px&#8221; width_last_edited=&#8221;on|tablet&#8221; global_colors_info=&#8221;{}&#8221;][\/et_pb_image][\/et_pb_column][et_pb_column type=&#8221;1_2&#8243; _builder_version=&#8221;4.17.4&#8243; _module_preset=&#8221;default&#8221; custom_css_main_element=&#8221;margin:auto;&#8221; global_colors_info=&#8221;{}&#8221;][et_pb_text _builder_version=&#8221;4.17.4&#8243; _module_preset=&#8221;default&#8221; text_font=&#8221;aquawax-pro||||||||&#8221; text_text_color=&#8221;#FFFFFF&#8221; text_font_size=&#8221;19px&#8221; text_line_height=&#8221;1.5em&#8221; header_2_font=&#8221;aquawax-pro||||||||&#8221; header_2_text_align=&#8221;center&#8221; header_2_text_color=&#8221;#FFFFFF&#8221; header_2_font_size=&#8221;30px&#8221; text_orientation=&#8221;center&#8221; custom_margin_tablet=&#8221;||30px||false|false&#8221; custom_margin_phone=&#8221;||20px||false|false&#8221; custom_margin_last_edited=&#8221;on|phone&#8221; header_2_font_size_tablet=&#8221;25px&#8221; header_2_font_size_phone=&#8221;23px&#8221; header_2_font_size_last_edited=&#8221;on|phone&#8221; global_colors_info=&#8221;{}&#8221;]<\/p>\n<h2>Nivalis\u2019e ho\u015f geldin!<\/h2>\n<p class=\" translation-block\">Ge\u00e7inmek, bu siber \u015fehirde hi\u00e7 de kolay olmayacak. Organlar\u0131n\u0131n pe\u015finde ko\u015fan \u00e7eteler, nefesinden bile hara\u00e7 kesecek olan \u015eirket kuvvetleri ve dinmek bilmeyen depremler ve sars\u0131nt\u0131lar... Bu \u015fehir, yar\u0131n bile denizin dibini boylayabilir, o y\u00fczden bug\u00fcn g\u00fcn\u00fcn\u00fc g\u00fcn etmeye bak.<\/p>\n<p>Nivalis'te zaman\u0131n\u0131 nas\u0131l harcayaca\u011f\u0131n tamamen sana kalm\u0131\u015f.<\/p>\n<p class=\" translation-block\">Bu ger\u00e7ek\u00e7i hava ko\u015fullar\u0131na sahip e\u015fsiz ve ger\u00e7ek hayat sim\u00fclat\u00f6r\u00fcnde gece ve g\u00fcnd\u00fcz birbirini takip ederken sen, i\u015fini b\u00fcy\u00fctmeye odaklan\u0131p yabanc\u0131larla tan\u0131\u015farak farkl\u0131 karakterlerle y\u00fcz g\u00f6z olacaks\u0131n. Kimi dost olarak g\u00f6rece\u011fin ise sana kalm\u0131\u015f. Voksel siber \u015fehirde tehlike ve dostluk kol geziyor.<\/p>\n<p>[\/et_pb_text][\/et_pb_column][et_pb_column type=&#8221;1_4&#8243; _builder_version=&#8221;4.17.4&#8243; _module_preset=&#8221;default&#8221; custom_css_main_element=&#8221;margin:auto;&#8221; global_colors_info=&#8221;{}&#8221;][et_pb_image src=&#8221;https:\/\/nivalisgame.com\/wp-content\/uploads\/2022\/05\/12.png&#8221; title_text=&#8221;12&#8243; align=&#8221;center&#8221; _builder_version=&#8221;4.17.4&#8243; _module_preset=&#8221;default&#8221; position_origin_a=&#8221;bottom_center&#8221; width=&#8221;120%&#8221; width_tablet=&#8221;250px&#8221; width_phone=&#8221;200px&#8221; width_last_edited=&#8221;on|desktop&#8221; custom_margin=&#8221;||-80px||false|false&#8221; global_colors_info=&#8221;{}&#8221;][\/et_pb_image][\/et_pb_column][\/et_pb_row][\/et_pb_section][et_pb_section fb_built=&#8221;1&#8243; module_id=&#8221;blog&#8221; _builder_version=&#8221;4.17.4&#8243; _module_preset=&#8221;default&#8221; background_image=&#8221;https:\/\/nivalisgame.com\/wp-content\/uploads\/2022\/05\/18.png&#8221; background_size=&#8221;stretch&#8221; custom_margin=&#8221;-1px||||false|false&#8221; custom_padding=&#8221;0px||||false|false&#8221; global_colors_info=&#8221;{}&#8221;][et_pb_row make_equal=&#8221;on&#8221; _builder_version=&#8221;4.17.4&#8243; _module_preset=&#8221;default&#8221; width=&#8221;90%&#8221; max_width=&#8221;1400px&#8221; custom_padding=&#8221;40px|||||&#8221; global_colors_info=&#8221;{}&#8221;][et_pb_column type=&#8221;4_4&#8243; _builder_version=&#8221;4.17.4&#8243; _module_preset=&#8221;default&#8221; global_colors_info=&#8221;{}&#8221;][et_pb_code _builder_version=&#8221;4.21.0&#8243; _module_preset=&#8221;default&#8221; custom_margin=&#8221;||0px||false|false&#8221; global_colors_info=&#8221;{}&#8221;]<\/p>\n<style><!-- [et_pb_line_break_holder] -->.et_pb_post{<!-- [et_pb_line_break_holder] -->  clip-path: polygon(7% 1%, 100% 0, 100% 90%, 89% 100%, 0 100%, 0 7%);<!-- [et_pb_line_break_holder] -->  }<!-- [et_pb_line_break_holder] -->  <!-- [et_pb_line_break_holder] -->.et_pb_blog_grid .et_pb_post{<!-- [et_pb_line_break_holder] -->  padding:20px 20px 0px 20px; <!-- [et_pb_line_break_holder] -->  }<!-- [et_pb_line_break_holder] -->  <!-- [et_pb_line_break_holder] -->.et_pb_blog_grid .et_pb_post{<!-- [et_pb_line_break_holder] -->  background-image: linear-gradient(180deg,#ffffff 90%,#820906 90%);<!-- [et_pb_line_break_holder] -->}<!-- [et_pb_line_break_holder] --><!-- [et_pb_line_break_holder] -->.et_pb_blog_0 .et_pb_post div.post-content a.more-link {<!-- [et_pb_line_break_holder] -->    font-family: 'aquawax-pro',Georgia,\"Times New Roman\",serif;<!-- [et_pb_line_break_holder] -->    color: white!important;<!-- [et_pb_line_break_holder] -->    line-height: 3em!important;<!-- [et_pb_line_break_holder] -->    text-transform: uppercase;<!-- [et_pb_line_break_holder] -->  }<!-- [et_pb_line_break_holder] --><!-- [et_pb_line_break_holder] --><\/style>\n<p>[\/et_pb_code][et_pb_blog fullwidth=&#8221;off&#8221; posts_number=&#8221;3&#8243; excerpt_length=&#8221;220&#8243; show_more=&#8221;on&#8221; show_author=&#8221;off&#8221; show_date=&#8221;off&#8221; show_categories=&#8221;off&#8221; _builder_version=&#8221;4.21.0&#8243; _module_preset=&#8221;default&#8221; header_font=&#8221;aquawax-pro|||on|||||&#8221; header_text_align=&#8221;center&#8221; header_text_color=&#8221;#000000&#8243; header_font_size=&#8221;20px&#8221; header_line_height=&#8221;1.3em&#8221; body_font=&#8221;aquawax-pro||||||||&#8221; body_text_align=&#8221;center&#8221; body_text_color=&#8221;#810906&#8243; body_font_size=&#8221;20px&#8221; body_line_height=&#8221;1.3em&#8221; read_more_font=&#8221;aquawax-pro||||||||&#8221; box_shadow_style=&#8221;preset4&#8243; box_shadow_color=&#8221;#000000&#8243; global_colors_info=&#8221;{}&#8221;][\/et_pb_blog][\/et_pb_column][\/et_pb_row][\/et_pb_section][et_pb_section fb_built=&#8221;1&#8243; module_id=&#8221;media&#8221; _builder_version=&#8221;4.17.4&#8243; _module_preset=&#8221;default&#8221; background_color=&#8221;#000000&#8243; custom_padding=&#8221;0px||0px||true|false&#8221; global_colors_info=&#8221;{}&#8221;][et_pb_row make_equal=&#8221;on&#8221; _builder_version=&#8221;4.17.4&#8243; _module_preset=&#8221;default&#8221; width=&#8221;90%&#8221; max_width=&#8221;1400px&#8221; custom_padding=&#8221;0px||0px||true|false&#8221; global_colors_info=&#8221;{}&#8221;][et_pb_column type=&#8221;4_4&#8243; _builder_version=&#8221;4.17.4&#8243; _module_preset=&#8221;default&#8221; global_colors_info=&#8221;{}&#8221;][et_pb_code _builder_version=&#8221;4.17.4&#8243; _module_preset=&#8221;default&#8221; custom_margin=&#8221;||0px||false|false&#8221; global_colors_info=&#8221;{}&#8221;]<\/p>\n<style><!-- [et_pb_line_break_holder] -->  .n2-ss-slider-1.n2_ss__touch_element.n2-ow {<!-- [et_pb_line_break_holder] -->    clip-path: polygon(3% 0, 100% 0, 100% 89%, 92% 100%, 0 100%, 0 4%);<!-- [et_pb_line_break_holder] -->    margin-bottom: 30px;<!-- [et_pb_line_break_holder] -->}<!-- [et_pb_line_break_holder] -->  div#n2-ss-3 .n2-style-df32cb3742fdac43eb0251df7d67c185-simple {<!-- [et_pb_line_break_holder] -->    background-color: #000!important;<!-- [et_pb_line_break_holder] -->  }<!-- [et_pb_line_break_holder] --> <!-- [et_pb_line_break_holder] -->  div#n2-ss-3 .n2-thumbnail-dot img {<!-- [et_pb_line_break_holder] -->    width: 280px;<!-- [et_pb_line_break_holder] -->    height: 180px;<!-- [et_pb_line_break_holder] -->}<!-- [et_pb_line_break_holder] -->  <!-- [et_pb_line_break_holder] -->  div#n2-ss-3 .n2-style-67eb3c604afd812b9014e8165a592b43-dot{<!-- [et_pb_line_break_holder] -->    margin:0 10px 0 0;<!-- [et_pb_line_break_holder] -->    box-shadow: 5px 5px #44C2D7!important;<!-- [et_pb_line_break_holder] -->  }<!-- [et_pb_line_break_holder] --><!-- [et_pb_line_break_holder] --><\/style>\n<p>[\/et_pb_code][et_pb_code _builder_version=&#8221;4.21.0&#8243; _module_preset=&#8221;default&#8221; global_colors_info=&#8221;{}&#8221;][\/et_pb_code][\/et_pb_column][\/et_pb_row][\/et_pb_section]<\/p>","protected":false},"excerpt":{"rendered":"<p>Welcome to NIVALIS Making it in this cyberpunk city isn&#8217;t easy. The gangs want to harvest your organs,the Corps will fine you for breathing, and the whole time, the ground under your feet is crumbling. This city could fall into the ocean tomorrow, so you better makeyour fortune today. You&#8217;ve got to start small: a [&hellip;]<\/p>","protected":false},"author":1,"featured_media":0,"parent":0,"menu_order":0,"comment_status":"closed","ping_status":"closed","template":"","meta":{"_et_pb_use_builder":"on","_et_pb_old_content":"","_et_gb_content_width":"","footnotes":""},"class_list":["post-756","page","type-page","status-publish","hentry"],"_links":{"self":[{"href":"https:\/\/nivalisgame.com\/tr\/wp-json\/wp\/v2\/pages\/756","targetHints":{"allow":["GET"]}}],"collection":[{"href":"https:\/\/nivalisgame.com\/tr\/wp-json\/wp\/v2\/pages"}],"about":[{"href":"https:\/\/nivalisgame.com\/tr\/wp-json\/wp\/v2\/types\/page"}],"author":[{"embeddable":true,"href":"https:\/\/nivalisgame.com\/tr\/wp-json\/wp\/v2\/users\/1"}],"replies":[{"embeddable":true,"href":"https:\/\/nivalisgame.com\/tr\/wp-json\/wp\/v2\/comments?post=756"}],"version-history":[{"count":10,"href":"https:\/\/nivalisgame.com\/tr\/wp-json\/wp\/v2\/pages\/756\/revisions"}],"predecessor-version":[{"id":1188,"href":"https:\/\/nivalisgame.com\/tr\/wp-json\/wp\/v2\/pages\/756\/revisions\/1188"}],"wp:attachment":[{"href":"https:\/\/nivalisgame.com\/tr\/wp-json\/wp\/v2\/media?parent=756"}],"curies":[{"name":"wp","href":"https:\/\/api.w.org\/{rel}","templated":true}]}}