{"id":11,"date":"2022-05-28T15:05:05","date_gmt":"2022-05-28T15:05:05","guid":{"rendered":"https:\/\/nivalisgame.com\/?page_id=11"},"modified":"2022-06-01T18:54:59","modified_gmt":"2022-06-01T18:54:59","slug":"landing-page","status":"publish","type":"page","link":"https:\/\/nivalisgame.com\/fr\/landing-page\/","title":{"rendered":"Landing Page"},"content":{"rendered":"<p>[et_pb_section fb_built=&#8221;1&#8243; _builder_version=&#8221;4.17.4&#8243; _module_preset=&#8221;default&#8221; use_background_color_gradient=&#8221;on&#8221; background_color_gradient_stops=&#8221;rgba(43,135,218,0) 80%|#000000 100%&#8221; background_color_gradient_overlays_image=&#8221;on&#8221; background_image=&#8221;https:\/\/nivalisgame.com\/wp-content\/uploads\/2022\/05\/1.png&#8221; min_height=&#8221;50vw&#8221; min_height_tablet=&#8221;100vw&#8221; min_height_phone=&#8221;99vw&#8221; min_height_last_edited=&#8221;on|tablet&#8221; custom_padding=&#8221;||||false|false&#8221; global_colors_info=&#8221;{}&#8221;][et_pb_row _builder_version=&#8221;4.17.4&#8243; _module_preset=&#8221;default&#8221; positioning=&#8221;absolute&#8221; position_origin_a=&#8221;center_center&#8221; z_index=&#8221;999&#8243; global_colors_info=&#8221;{}&#8221;][et_pb_column type=&#8221;4_4&#8243; _builder_version=&#8221;4.17.4&#8243; _module_preset=&#8221;default&#8221; global_colors_info=&#8221;{}&#8221;][et_pb_image src=&#8221;https:\/\/nivalisgame.com\/wp-content\/uploads\/2022\/05\/4.png&#8221; title_text=&#8221;4&#8243; align=&#8221;center&#8221; _builder_version=&#8221;4.17.4&#8243; _module_preset=&#8221;default&#8221; width_tablet=&#8221;100px&#8221; width_phone=&#8221;50px&#8221; width_last_edited=&#8221;on|phone&#8221; global_colors_info=&#8221;{}&#8221;][\/et_pb_image][\/et_pb_column][\/et_pb_row][et_pb_row use_custom_gutter=&#8221;on&#8221; gutter_width=&#8221;1&#8243; disabled_on=&#8221;on|off|on&#8221; _builder_version=&#8221;4.17.4&#8243; _module_preset=&#8221;default&#8221; positioning=&#8221;absolute&#8221; position_origin_a=&#8221;bottom_center&#8221; vertical_offset=&#8221;0px&#8221; custom_margin=&#8221;||||false|false&#8221; custom_padding=&#8221;0px||50px||false|false&#8221; custom_css_main_element=&#8221;width:fit-content;||margin:0 auto;&#8221; global_colors_info=&#8221;{}&#8221; custom_css_main_element_last_edited=&#8221;on|phone&#8221; custom_css_main_element_tablet=&#8221;width:fit-content;||margin:0 auto;&#8221; custom_css_main_element_phone=&#8221;width:fit-content;||margin:0 auto;&#8221;][et_pb_column type=&#8221;4_4&#8243; _builder_version=&#8221;4.17.4&#8243; _module_preset=&#8221;default&#8221; global_colors_info=&#8221;{}&#8221;][et_pb_image src=&#8221;https:\/\/nivalisgame.com\/wp-content\/uploads\/2022\/05\/3.png&#8221; title_text=&#8221;3&#8243; url=&#8221;#&#8221; _builder_version=&#8221;4.17.4&#8243; _module_preset=&#8221;default&#8221; max_width=&#8221;250px&#8221; max_width_tablet=&#8221;200px&#8221; max_width_phone=&#8221;150px&#8221; max_width_last_edited=&#8221;on|phone&#8221; custom_margin=&#8221;-15px||||false|false&#8221; custom_css_main_element=&#8221;display:inline-block;||float:left;||margin-left:30px!important;&#8221; global_colors_info=&#8221;{}&#8221;][\/et_pb_image][et_pb_image src=&#8221;https:\/\/nivalisgame.com\/wp-content\/uploads\/2022\/05\/5.png&#8221; title_text=&#8221;5&#8243; disabled_on=&#8221;off|off|off&#8221; _builder_version=&#8221;4.17.4&#8243; _module_preset=&#8221;default&#8221; width=&#8221;100px&#8221; width_tablet=&#8221;80px&#8221; width_phone=&#8221;80px&#8221; width_last_edited=&#8221;on|tablet&#8221; custom_margin=&#8221;-10px||||false|false&#8221; custom_padding=&#8221;10px||||false|false&#8221; custom_css_main_element=&#8221;display:inline-block;||float:left;||margin-left:30px!important;&#8221; global_colors_info=&#8221;{}&#8221;][\/et_pb_image][et_pb_image src=&#8221;https:\/\/nivalisgame.com\/wp-content\/uploads\/2022\/05\/6.png&#8221; title_text=&#8221;6&#8243; disabled_on=&#8221;off|off|off&#8221; _builder_version=&#8221;4.17.4&#8243; _module_preset=&#8221;default&#8221; width_tablet=&#8221;50px&#8221; width_phone=&#8221;50px&#8221; width_last_edited=&#8221;on|tablet&#8221; custom_margin=&#8221;-25px||||false|false&#8221; custom_padding=&#8221;|0px|||false|false&#8221; custom_css_main_element=&#8221;display:inline-block;||float:left;||margin-left:30px!important;&#8221; global_colors_info=&#8221;{}&#8221;][\/et_pb_image][et_pb_image src=&#8221;https:\/\/nivalisgame.com\/wp-content\/uploads\/2022\/05\/7.png&#8221; title_text=&#8221;7&#8243; url=&#8221;#&#8221; admin_label=&#8221;Image&#8221; _builder_version=&#8221;4.17.4&#8243; _module_preset=&#8221;default&#8221; width=&#8221;250px&#8221; width_tablet=&#8221;200px&#8221; width_phone=&#8221;150px&#8221; width_last_edited=&#8221;on|tablet&#8221; custom_margin=&#8221;-15px||||false|false&#8221; custom_css_main_element=&#8221;display:inline-block;||float:left;||margin-left:30px!important;&#8221; global_colors_info=&#8221;{}&#8221;][\/et_pb_image][\/et_pb_column][\/et_pb_row][et_pb_row column_structure=&#8221;1_2,1_2&#8243; use_custom_gutter=&#8221;on&#8221; gutter_width=&#8221;2&#8243; disabled_on=&#8221;off|on|on&#8221; _builder_version=&#8221;4.17.4&#8243; _module_preset=&#8221;default&#8221; positioning=&#8221;absolute&#8221; position_origin_a=&#8221;bottom_center&#8221; vertical_offset=&#8221;0px&#8221; width=&#8221;95%&#8221; max_width=&#8221;1200px&#8221; custom_margin=&#8221;||||false|false&#8221; custom_padding=&#8221;0px||0px||false|false&#8221; global_colors_info=&#8221;{}&#8221; custom_css_main_element_last_edited=&#8221;off|phone&#8221;][et_pb_column type=&#8221;1_2&#8243; _builder_version=&#8221;4.17.4&#8243; _module_preset=&#8221;default&#8221; custom_css_main_element=&#8221;max-width:50%;&#8221; global_colors_info=&#8221;{}&#8221;][et_pb_image src=&#8221;https:\/\/nivalisgame.com\/wp-content\/uploads\/2022\/05\/3.png&#8221; title_text=&#8221;3&#8243; url=&#8221;#&#8221; align=&#8221;right&#8221; _builder_version=&#8221;4.17.4&#8243; _module_preset=&#8221;default&#8221; max_width=&#8221;200px&#8221; max_width_phone=&#8221;150px&#8221; max_width_last_edited=&#8221;off|phone&#8221; custom_margin=&#8221;-15px||||false|false&#8221; global_colors_info=&#8221;{}&#8221;][\/et_pb_image][\/et_pb_column][et_pb_column type=&#8221;1_2&#8243; _builder_version=&#8221;4.17.4&#8243; _module_preset=&#8221;default&#8221; custom_css_main_element=&#8221;max-width:50%;&#8221; global_colors_info=&#8221;{}&#8221;][et_pb_image src=&#8221;https:\/\/nivalisgame.com\/wp-content\/uploads\/2022\/05\/7.png&#8221; title_text=&#8221;7&#8243; url=&#8221;#&#8221; _builder_version=&#8221;4.17.4&#8243; _module_preset=&#8221;default&#8221; max_width=&#8221;200px&#8221; max_width_phone=&#8221;150px&#8221; max_width_last_edited=&#8221;off|desktop&#8221; custom_margin=&#8221;-15px||||false|false&#8221; global_colors_info=&#8221;{}&#8221;][\/et_pb_image][\/et_pb_column][\/et_pb_row][et_pb_row column_structure=&#8221;1_3,1_3,1_3&#8243; use_custom_gutter=&#8221;on&#8221; gutter_width=&#8221;1&#8243; disabled_on=&#8221;on|on|off&#8221; _builder_version=&#8221;4.17.4&#8243; _module_preset=&#8221;default&#8221; positioning=&#8221;absolute&#8221; position_origin_a=&#8221;bottom_center&#8221; vertical_offset=&#8221;25px&#8221; custom_margin=&#8221;||||false|false&#8221; custom_padding=&#8221;0px||50px||false|false&#8221; global_colors_info=&#8221;{}&#8221;][et_pb_column type=&#8221;1_3&#8243; _builder_version=&#8221;4.17.4&#8243; _module_preset=&#8221;default&#8221; global_colors_info=&#8221;{}&#8221;][et_pb_image src=&#8221;https:\/\/nivalisgame.com\/wp-content\/uploads\/2022\/05\/3.png&#8221; title_text=&#8221;3&#8243; url=&#8221;#&#8221; _builder_version=&#8221;4.17.4&#8243; _module_preset=&#8221;default&#8221; custom_margin=&#8221;-15px||||false|false&#8221; global_colors_info=&#8221;{}&#8221;][\/et_pb_image][\/et_pb_column][et_pb_column type=&#8221;1_3&#8243; _builder_version=&#8221;4.17.4&#8243; _module_preset=&#8221;default&#8221; custom_css_main_element=&#8221;width:fit-content;||margin:0 auto;&#8221; global_colors_info=&#8221;{}&#8221;][et_pb_image src=&#8221;https:\/\/nivalisgame.com\/wp-content\/uploads\/2022\/05\/5.png&#8221; title_text=&#8221;5&#8243; _builder_version=&#8221;4.17.4&#8243; _module_preset=&#8221;default&#8221; width=&#8221;180px&#8221; custom_margin=&#8221;||||false|false&#8221; custom_css_main_element=&#8221;display:inline-block;||float:left;||margin:0px 30px 0px 50px!important;&#8221; global_colors_info=&#8221;{}&#8221;][\/et_pb_image][et_pb_image src=&#8221;https:\/\/nivalisgame.com\/wp-content\/uploads\/2022\/05\/6.png&#8221; title_text=&#8221;6&#8243; _builder_version=&#8221;4.17.4&#8243; _module_preset=&#8221;default&#8221; width=&#8221;150px&#8221; custom_margin=&#8221;-25px||||false|false&#8221; custom_padding=&#8221;|0px|||false|false&#8221; custom_css_main_element=&#8221;width:fit-content;||display:flex;||margin-right:30px;&#8221; global_colors_info=&#8221;{}&#8221;][\/et_pb_image][\/et_pb_column][et_pb_column type=&#8221;1_3&#8243; _builder_version=&#8221;4.17.4&#8243; _module_preset=&#8221;default&#8221; global_colors_info=&#8221;{}&#8221;][et_pb_image src=&#8221;https:\/\/nivalisgame.com\/wp-content\/uploads\/2022\/05\/7.png&#8221; title_text=&#8221;7&#8243; url=&#8221;#&#8221; admin_label=&#8221;Image&#8221; _builder_version=&#8221;4.17.4&#8243; _module_preset=&#8221;default&#8221; custom_margin=&#8221;-15px||||false|false&#8221; global_colors_info=&#8221;{}&#8221;][\/et_pb_image][\/et_pb_column][\/et_pb_row][\/et_pb_section][et_pb_section fb_built=&#8221;1&#8243; module_id=&#8221;about&#8221; _builder_version=&#8221;4.17.4&#8243; _module_preset=&#8221;default&#8221; background_enable_color=&#8221;off&#8221; use_background_color_gradient=&#8221;on&#8221; background_color_gradient_stops=&#8221;#000000 0%|#0a2328 100%&#8221; background_image=&#8221;https:\/\/nivalisgame.com\/wp-content\/uploads\/2022\/06\/1-.png&#8221; custom_padding=&#8221;||||false|false&#8221; global_colors_info=&#8221;{}&#8221;][et_pb_row column_structure=&#8221;1_4,1_2,1_4&#8243; use_custom_gutter=&#8221;on&#8221; gutter_width=&#8221;2&#8243; make_equal=&#8221;on&#8221; _builder_version=&#8221;4.17.4&#8243; _module_preset=&#8221;default&#8221; width=&#8221;90%&#8221; max_width=&#8221;1600px&#8221; global_colors_info=&#8221;{}&#8221;][et_pb_column type=&#8221;1_4&#8243; _builder_version=&#8221;4.17.4&#8243; _module_preset=&#8221;default&#8221; custom_css_main_element=&#8221;margin:auto;&#8221; global_colors_info=&#8221;{}&#8221;][et_pb_image src=&#8221;https:\/\/nivalisgame.com\/wp-content\/uploads\/2022\/05\/11.png&#8221; title_text=&#8221;11&#8243; align=&#8221;center&#8221; _builder_version=&#8221;4.17.4&#8243; _module_preset=&#8221;default&#8221; width_tablet=&#8221;250px&#8221; width_phone=&#8221;250px&#8221; width_last_edited=&#8221;on|tablet&#8221; global_colors_info=&#8221;{}&#8221;][\/et_pb_image][\/et_pb_column][et_pb_column type=&#8221;1_2&#8243; _builder_version=&#8221;4.17.4&#8243; _module_preset=&#8221;default&#8221; custom_css_main_element=&#8221;margin:auto;&#8221; global_colors_info=&#8221;{}&#8221;][et_pb_text _builder_version=&#8221;4.17.4&#8243; _module_preset=&#8221;default&#8221; text_font=&#8221;aquawax-pro||||||||&#8221; text_text_color=&#8221;#FFFFFF&#8221; text_font_size=&#8221;19px&#8221; text_line_height=&#8221;1.5em&#8221; header_2_font=&#8221;aquawax-pro||||||||&#8221; header_2_text_align=&#8221;center&#8221; header_2_text_color=&#8221;#FFFFFF&#8221; header_2_font_size=&#8221;30px&#8221; text_orientation=&#8221;center&#8221; custom_margin_tablet=&#8221;||30px||false|false&#8221; custom_margin_phone=&#8221;||20px||false|false&#8221; custom_margin_last_edited=&#8221;on|phone&#8221; header_2_font_size_tablet=&#8221;25px&#8221; header_2_font_size_phone=&#8221;23px&#8221; header_2_font_size_last_edited=&#8221;on|phone&#8221; global_colors_info=&#8221;{}&#8221;]<\/p>\n<h2>Bienvenue \u00e0 Nivalis!<\/h2>\n<p class=\" translation-block\">Bienvenue \u00e0 Nivalis\u00a0! S'en sortir dans une ville cyberpunk comme celle-ci n'a rien de facile. Les gangs veulent pr\u00e9lever vos organes, les Corpos vous collent des amendes juste pour respirer et le reste du temps, le sol sous vos pieds menace de s'effondrer.<\/p>\n<p>Vu que la ville pourrait tr\u00e8s bien \u00eatre engloutie par les flots demain, autant tenter votre chance aujourd'hui !<\/p>\n<p class=\" translation-block\">\u00c0 Nivalis, c'est vous qui choisissez comment occuper votre temps en ville. Dans cette simulation de tranche de vie unique proposant des conditions m\u00e9t\u00e9o et des cycles jour\/nuit r\u00e9alistes, vous aurez l'opportunit\u00e9 de faire fructifier votre activit\u00e9, faire la connaissance de personnages aussi \u00e9tranges que vari\u00e9s, former des amiti\u00e9s et d\u00e9couvrir tous les dangers et merveilles d'une ville cyberpunk en voxels.<\/p>\n<p>[\/et_pb_text][\/et_pb_column][et_pb_column type=&#8221;1_4&#8243; _builder_version=&#8221;4.17.4&#8243; _module_preset=&#8221;default&#8221; custom_css_main_element=&#8221;margin:auto;&#8221; global_colors_info=&#8221;{}&#8221;][et_pb_image src=&#8221;https:\/\/nivalisgame.com\/wp-content\/uploads\/2022\/05\/12.png&#8221; title_text=&#8221;12&#8243; align=&#8221;center&#8221; _builder_version=&#8221;4.17.4&#8243; _module_preset=&#8221;default&#8221; position_origin_a=&#8221;bottom_center&#8221; width=&#8221;100%&#8221; width_tablet=&#8221;250px&#8221; width_phone=&#8221;200px&#8221; width_last_edited=&#8221;on|tablet&#8221; global_colors_info=&#8221;{}&#8221;][\/et_pb_image][\/et_pb_column][\/et_pb_row][\/et_pb_section][et_pb_section fb_built=&#8221;1&#8243; module_id=&#8221;blog&#8221; _builder_version=&#8221;4.17.4&#8243; _module_preset=&#8221;default&#8221; background_image=&#8221;https:\/\/nivalisgame.com\/wp-content\/uploads\/2022\/05\/18.png&#8221; custom_padding=&#8221;0px||||false|false&#8221; global_colors_info=&#8221;{}&#8221;][et_pb_row make_equal=&#8221;on&#8221; _builder_version=&#8221;4.17.4&#8243; _module_preset=&#8221;default&#8221; width=&#8221;90%&#8221; max_width=&#8221;1400px&#8221; custom_padding=&#8221;40px|||||&#8221; global_colors_info=&#8221;{}&#8221;][et_pb_column type=&#8221;4_4&#8243; _builder_version=&#8221;4.17.4&#8243; _module_preset=&#8221;default&#8221; global_colors_info=&#8221;{}&#8221;][et_pb_blog fullwidth=&#8221;off&#8221; show_more=&#8221;on&#8221; show_author=&#8221;off&#8221; show_date=&#8221;off&#8221; show_categories=&#8221;off&#8221; _builder_version=&#8221;4.17.4&#8243; _module_preset=&#8221;default&#8221; header_font=&#8221;aquawax-pro|||on|||||&#8221; header_text_align=&#8221;center&#8221; header_text_color=&#8221;#000000&#8243; header_font_size=&#8221;20px&#8221; header_line_height=&#8221;1.3em&#8221; body_font=&#8221;aquawax-pro||||||||&#8221; body_text_align=&#8221;center&#8221; body_text_color=&#8221;#810906&#8243; body_font_size=&#8221;20px&#8221; body_line_height=&#8221;1.3em&#8221; read_more_font=&#8221;aquawax-pro||||||||&#8221; box_shadow_style=&#8221;preset4&#8243; box_shadow_color=&#8221;#000000&#8243; global_colors_info=&#8221;{}&#8221;][\/et_pb_blog][et_pb_code _builder_version=&#8221;4.17.4&#8243; _module_preset=&#8221;default&#8221; hover_enabled=&#8221;0&#8243; global_colors_info=&#8221;{}&#8221; sticky_enabled=&#8221;0&#8243;]<\/p>\n<style><!-- [et_pb_line_break_holder] -->.et_pb_post{<!-- [et_pb_line_break_holder] -->  clip-path: polygon(7% 1%, 100% 0, 100% 90%, 89% 100%, 0 100%, 0 7%);<!-- [et_pb_line_break_holder] -->  }<!-- [et_pb_line_break_holder] -->  .et_pb_blog_grid .et_pb_post{<!-- [et_pb_line_break_holder] -->    padding:20px 20px 0 20px; <!-- [et_pb_line_break_holder] -->  }<!-- [et_pb_line_break_holder] --><!-- [et_pb_line_break_holder] --><\/style>\n<p>[\/et_pb_code][\/et_pb_column][\/et_pb_row][\/et_pb_section][et_pb_section fb_built=&#8221;1&#8243; module_id=&#8221;media&#8221; _builder_version=&#8221;4.17.4&#8243; _module_preset=&#8221;default&#8221; background_color=&#8221;#000000&#8243; custom_padding=&#8221;0px||0px||true|false&#8221; global_colors_info=&#8221;{}&#8221;][et_pb_row make_equal=&#8221;on&#8221; _builder_version=&#8221;4.17.4&#8243; _module_preset=&#8221;default&#8221; width=&#8221;90%&#8221; max_width=&#8221;1400px&#8221; custom_padding=&#8221;0px||0px||true|false&#8221; global_colors_info=&#8221;{}&#8221;][et_pb_column type=&#8221;4_4&#8243; _builder_version=&#8221;4.17.4&#8243; _module_preset=&#8221;default&#8221; global_colors_info=&#8221;{}&#8221;][et_pb_code _builder_version=&#8221;4.17.4&#8243; _module_preset=&#8221;default&#8221; global_colors_info=&#8221;{}&#8221;][\/et_pb_code][et_pb_code _builder_version=&#8221;4.17.4&#8243; _module_preset=&#8221;default&#8221; global_colors_info=&#8221;{}&#8221;]<\/p>\n<style><!-- [et_pb_line_break_holder] -->  .n2-ss-slider-1.n2_ss__touch_element.n2-ow {<!-- [et_pb_line_break_holder] -->    clip-path: polygon(3% 0, 100% 0, 100% 89%, 92% 100%, 0 100%, 0 4%);<!-- [et_pb_line_break_holder] -->    margin-bottom: 30px;<!-- [et_pb_line_break_holder] -->}<!-- [et_pb_line_break_holder] -->  div#n2-ss-3 .n2-style-df32cb3742fdac43eb0251df7d67c185-simple {<!-- [et_pb_line_break_holder] -->    background-color: #000!important;<!-- [et_pb_line_break_holder] -->  }<!-- [et_pb_line_break_holder] --> <!-- [et_pb_line_break_holder] -->  div#n2-ss-3 .n2-thumbnail-dot img {<!-- [et_pb_line_break_holder] -->    width: 280px;<!-- [et_pb_line_break_holder] -->    height: 180px;<!-- [et_pb_line_break_holder] -->}<!-- [et_pb_line_break_holder] --><!-- [et_pb_line_break_holder] --><\/style>\n<p>[\/et_pb_code][\/et_pb_column][\/et_pb_row][\/et_pb_section]<\/p>","protected":false},"excerpt":{"rendered":"<p>Welcome to NIVALIS Making it in this cyberpunk city isn&#8217;t easy. The gangs want to harvest your organs,the Corps will fine you for breathing, and the whole time, the ground under your feet is crumbling. This city could fall into the ocean tomorrow, so you better makeyour fortune today. You&#8217;ve got to start small: a [&hellip;]<\/p>","protected":false},"author":1,"featured_media":0,"parent":0,"menu_order":0,"comment_status":"closed","ping_status":"closed","template":"","meta":{"_et_pb_use_builder":"on","_et_pb_old_content":"<!-- wp:divi\/placeholder \/-->","_et_gb_content_width":"","footnotes":""},"class_list":["post-11","page","type-page","status-publish","hentry"],"_links":{"self":[{"href":"https:\/\/nivalisgame.com\/fr\/wp-json\/wp\/v2\/pages\/11","targetHints":{"allow":["GET"]}}],"collection":[{"href":"https:\/\/nivalisgame.com\/fr\/wp-json\/wp\/v2\/pages"}],"about":[{"href":"https:\/\/nivalisgame.com\/fr\/wp-json\/wp\/v2\/types\/page"}],"author":[{"embeddable":true,"href":"https:\/\/nivalisgame.com\/fr\/wp-json\/wp\/v2\/users\/1"}],"replies":[{"embeddable":true,"href":"https:\/\/nivalisgame.com\/fr\/wp-json\/wp\/v2\/comments?post=11"}],"version-history":[{"count":0,"href":"https:\/\/nivalisgame.com\/fr\/wp-json\/wp\/v2\/pages\/11\/revisions"}],"wp:attachment":[{"href":"https:\/\/nivalisgame.com\/fr\/wp-json\/wp\/v2\/media?parent=11"}],"curies":[{"name":"wp","href":"https:\/\/api.w.org\/{rel}","templated":true}]}}